{"id":90,"date":"2023-01-03T23:01:25","date_gmt":"2023-01-04T05:01:25","guid":{"rendered":"https:\/\/amorsinfronterasac.org\/?page_id=90"},"modified":"2023-01-04T17:05:32","modified_gmt":"2023-01-04T23:05:32","slug":"colabora","status":"publish","type":"page","link":"https:\/\/amorsinfronterasac.org\/?page_id=90","title":{"rendered":"Colabora"},"content":{"rendered":"\n<h2 class=\"wp-block-heading\">Economicamente:<\/h2>\n\n\n\n<p>Si deseas apoyar econ\u00f3micamente las acciones de Amor Sin Fronteras A.C; puedes realizarlo a trav\u00e9s de la Cuenta CLABE: 012130001186600427<\/p>\n\n\n\n<h2 class=\"wp-block-heading\">Voluntariado:<\/h2>\n\n\n\n<p>Si deseas apoyar brindando tu servicio social, pr\u00e1cticas educativas o voluntariado en esta organizaci\u00f3n, env\u00edanos un correo a <a rel=\"noreferrer noopener\" href=\"mailto:amorsinfronterasac@gmail.com\" target=\"_blank\">amorsinfronterasac@gmail.com<\/a> o cont\u00e1ctate al tel\u00e9fono <a rel=\"noreferrer noopener\" href=\"https:\/\/wa.me\/9671189768\" target=\"_blank\">96-71-18-97-68<\/a>.<\/p>\n","protected":false},"excerpt":{"rendered":"<p>Economicamente: Si deseas apoyar econ\u00f3micamente las acciones de Amor Sin Fronteras A.C; puedes realizarlo a trav\u00e9s de la Cuenta CLABE: 012130001186600427 Voluntariado: Si deseas apoyar &hellip;<\/p>\n","protected":false},"author":1,"featured_media":0,"parent":0,"menu_order":0,"comment_status":"closed","ping_status":"closed","template":"","meta":{"footnotes":""},"class_list":["post-90","page","type-page","status-publish","hentry"],"_links":{"self":[{"href":"https:\/\/amorsinfronterasac.org\/index.php?rest_route=\/wp\/v2\/pages\/90","targetHints":{"allow":["GET"]}}],"collection":[{"href":"https:\/\/amorsinfronterasac.org\/index.php?rest_route=\/wp\/v2\/pages"}],"about":[{"href":"https:\/\/amorsinfronterasac.org\/index.php?rest_route=\/wp\/v2\/types\/page"}],"author":[{"embeddable":true,"href":"https:\/\/amorsinfronterasac.org\/index.php?rest_route=\/wp\/v2\/users\/1"}],"replies":[{"embeddable":true,"href":"https:\/\/amorsinfronterasac.org\/index.php?rest_route=%2Fwp%2Fv2%2Fcomments&post=90"}],"version-history":[{"count":2,"href":"https:\/\/amorsinfronterasac.org\/index.php?rest_route=\/wp\/v2\/pages\/90\/revisions"}],"predecessor-version":[{"id":109,"href":"https:\/\/amorsinfronterasac.org\/index.php?rest_route=\/wp\/v2\/pages\/90\/revisions\/109"}],"wp:attachment":[{"href":"https:\/\/amorsinfronterasac.org\/index.php?rest_route=%2Fwp%2Fv2%2Fmedia&parent=90"}],"curies":[{"name":"wp","href":"https:\/\/api.w.org\/{rel}","templated":true}]}}