{"id":59,"date":"2023-01-03T18:24:47","date_gmt":"2023-01-04T00:24:47","guid":{"rendered":"https:\/\/amorsinfronterasac.org\/?page_id=59"},"modified":"2025-01-19T01:37:19","modified_gmt":"2025-01-19T07:37:19","slug":"actividades","status":"publish","type":"page","link":"https:\/\/amorsinfronterasac.org\/?page_id=59","title":{"rendered":"Actividades"},"content":{"rendered":"\r\n<h2 class=\"wp-block-heading\">Actividades<\/h2>\r\n\r\n\r\n\r\n<ul class=\"wp-block-list\">\r\n<li>Ense\u00f1anza de la escritura en el sistema Braille en su nivel b\u00e1sico y avanzado (modalidad presencial\/virtual)<\/li>\r\n\r\n\r\n\r\n<li>Ense\u00f1anza en orientaci\u00f3n y movilidad haciendo uso del bast\u00f3n blanco<\/li>\r\n\r\n\r\n\r\n<li>Ense\u00f1anza de las matem\u00e1ticas para personas con discapacidad visual<\/li>\r\n\r\n\r\n\r\n<li>Ense\u00f1anza de la tecnolog\u00eda adaptada con lectores de pantalla (tiflotecnolog\u00eda)<\/li>\r\n\r\n\r\n\r\n<li>Acompa\u00f1amiento psicol\u00f3gico y emocional a los usuarios en condici\u00f3n de discapacidad, as\u00ed como a sus familiares<\/li>\r\n\r\n\r\n\r\n<li>Entrenamiento del deporte creado para personas con discapacidad visual (goalball)<\/li>\r\n\r\n\r\n\r\n<li>Festejo y entrega de Juguetes por el d\u00eda de Reyes y Reynas Mag@s<\/li>\r\n<\/ul>\r\n\r\n\r\n\r\n<h2 class=\"wp-block-heading\">Galer\u00eda de fotos<\/h2>\r\n\r\n<div id='gallery-1' class='gallery galleryid-59 gallery-columns-3 gallery-size-medium'><figure class='gallery-item'>\n\t\t\t<div class='gallery-icon portrait'>\n\t\t\t\t<a href='https:\/\/amorsinfronterasac.org\/wp-content\/uploads\/2023\/01\/regleta-braille-scaled.jpg'><img loading=\"lazy\" decoding=\"async\" width=\"169\" height=\"300\" src=\"https:\/\/amorsinfronterasac.org\/wp-content\/uploads\/2023\/01\/regleta-braille-169x300.jpg\" class=\"attachment-medium size-medium\" alt=\"ni\u00f1a usando una regleta Braille\" aria-describedby=\"gallery-1-67\" srcset=\"https:\/\/amorsinfronterasac.org\/wp-content\/uploads\/2023\/01\/regleta-braille-169x300.jpg 169w, https:\/\/amorsinfronterasac.org\/wp-content\/uploads\/2023\/01\/regleta-braille-576x1024.jpg 576w, https:\/\/amorsinfronterasac.org\/wp-content\/uploads\/2023\/01\/regleta-braille-768x1365.jpg 768w, https:\/\/amorsinfronterasac.org\/wp-content\/uploads\/2023\/01\/regleta-braille-865x1536.jpg 865w, https:\/\/amorsinfronterasac.org\/wp-content\/uploads\/2023\/01\/regleta-braille-1153x2048.jpg 1153w, https:\/\/amorsinfronterasac.org\/wp-content\/uploads\/2023\/01\/regleta-braille-scaled.jpg 1441w\" sizes=\"auto, (max-width: 169px) 100vw, 169px\" \/><\/a>\n\t\t\t<\/div>\n\t\t\t\t<figcaption class='wp-caption-text gallery-caption' id='gallery-1-67'>\n\t\t\t\tNi\u00f1a usando una regleta Braille\n\t\t\t\t<\/figcaption><\/figure><figure class='gallery-item'>\n\t\t\t<div class='gallery-icon portrait'>\n\t\t\t\t<a href='https:\/\/amorsinfronterasac.org\/wp-content\/uploads\/2023\/01\/persona-frente-a-laptop.jpeg'><img loading=\"lazy\" decoding=\"async\" width=\"225\" height=\"300\" src=\"https:\/\/amorsinfronterasac.org\/wp-content\/uploads\/2023\/01\/persona-frente-a-laptop-225x300.jpeg\" class=\"attachment-medium size-medium\" alt=\"Instructora muestra a joven ciego como usar lector de pantalla (tiflotecnolog\u00eda)\" aria-describedby=\"gallery-1-66\" srcset=\"https:\/\/amorsinfronterasac.org\/wp-content\/uploads\/2023\/01\/persona-frente-a-laptop-225x300.jpeg 225w, https:\/\/amorsinfronterasac.org\/wp-content\/uploads\/2023\/01\/persona-frente-a-laptop-768x1024.jpeg 768w, https:\/\/amorsinfronterasac.org\/wp-content\/uploads\/2023\/01\/persona-frente-a-laptop-1152x1536.jpeg 1152w, https:\/\/amorsinfronterasac.org\/wp-content\/uploads\/2023\/01\/persona-frente-a-laptop.jpeg 1536w\" sizes=\"auto, (max-width: 225px) 100vw, 225px\" \/><\/a>\n\t\t\t<\/div>\n\t\t\t\t<figcaption class='wp-caption-text gallery-caption' id='gallery-1-66'>\n\t\t\t\tInstructora muestra a joven ciego como usar lector de pantalla (tiflotecnolog\u00eda)\n\t\t\t\t<\/figcaption><\/figure><figure class='gallery-item'>\n\t\t\t<div class='gallery-icon portrait'>\n\t\t\t\t<a href='https:\/\/amorsinfronterasac.org\/wp-content\/uploads\/2023\/01\/persona-con-baston-blanco.jpg'><img loading=\"lazy\" decoding=\"async\" width=\"225\" height=\"300\" src=\"https:\/\/amorsinfronterasac.org\/wp-content\/uploads\/2023\/01\/persona-con-baston-blanco-225x300.jpg\" class=\"attachment-medium size-medium\" alt=\"Instructora ense\u00f1a a una persona ciega a usar el bast\u00f3n blanco\" aria-describedby=\"gallery-1-65\" srcset=\"https:\/\/amorsinfronterasac.org\/wp-content\/uploads\/2023\/01\/persona-con-baston-blanco-225x300.jpg 225w, https:\/\/amorsinfronterasac.org\/wp-content\/uploads\/2023\/01\/persona-con-baston-blanco.jpg 480w\" sizes=\"auto, (max-width: 225px) 100vw, 225px\" \/><\/a>\n\t\t\t<\/div>\n\t\t\t\t<figcaption class='wp-caption-text gallery-caption' id='gallery-1-65'>\n\t\t\t\tInstructora ense\u00f1a a una persona ciega a usar el bast\u00f3n blanco\n\t\t\t\t<\/figcaption><\/figure><figure class='gallery-item'>\n\t\t\t<div class='gallery-icon landscape'>\n\t\t\t\t<a href='https:\/\/amorsinfronterasac.org\/wp-content\/uploads\/2023\/01\/ninos-jugando-pelota.jpg'><img loading=\"lazy\" decoding=\"async\" width=\"300\" height=\"225\" src=\"https:\/\/amorsinfronterasac.org\/wp-content\/uploads\/2023\/01\/ninos-jugando-pelota-300x225.jpg\" class=\"attachment-medium size-medium\" alt=\"Instructor entrena a ni\u00f1os ciegos con pelota llena de cascabeles (goalball)\" aria-describedby=\"gallery-1-64\" srcset=\"https:\/\/amorsinfronterasac.org\/wp-content\/uploads\/2023\/01\/ninos-jugando-pelota-300x225.jpg 300w, https:\/\/amorsinfronterasac.org\/wp-content\/uploads\/2023\/01\/ninos-jugando-pelota-1024x768.jpg 1024w, https:\/\/amorsinfronterasac.org\/wp-content\/uploads\/2023\/01\/ninos-jugando-pelota-768x576.jpg 768w, https:\/\/amorsinfronterasac.org\/wp-content\/uploads\/2023\/01\/ninos-jugando-pelota-1536x1152.jpg 1536w, https:\/\/amorsinfronterasac.org\/wp-content\/uploads\/2023\/01\/ninos-jugando-pelota-400x300.jpg 400w, https:\/\/amorsinfronterasac.org\/wp-content\/uploads\/2023\/01\/ninos-jugando-pelota.jpg 1632w\" sizes=\"auto, (max-width: 300px) 100vw, 300px\" \/><\/a>\n\t\t\t<\/div>\n\t\t\t\t<figcaption class='wp-caption-text gallery-caption' id='gallery-1-64'>\n\t\t\t\tInstructor entrena a ni\u00f1os ciegos con pelota llena de cascabeles (goalball)\n\t\t\t\t<\/figcaption><\/figure><figure class='gallery-item'>\n\t\t\t<div class='gallery-icon portrait'>\n\t\t\t\t<a href='https:\/\/amorsinfronterasac.org\/wp-content\/uploads\/2023\/01\/IMG_9090.jpeg'><img loading=\"lazy\" decoding=\"async\" width=\"225\" height=\"300\" src=\"https:\/\/amorsinfronterasac.org\/wp-content\/uploads\/2023\/01\/IMG_9090-225x300.jpeg\" class=\"attachment-medium size-medium\" alt=\"Instructora muestra como orientarse con el bast\u00f3n blanco a mujer ciega\" aria-describedby=\"gallery-1-63\" srcset=\"https:\/\/amorsinfronterasac.org\/wp-content\/uploads\/2023\/01\/IMG_9090-225x300.jpeg 225w, https:\/\/amorsinfronterasac.org\/wp-content\/uploads\/2023\/01\/IMG_9090-768x1024.jpeg 768w, https:\/\/amorsinfronterasac.org\/wp-content\/uploads\/2023\/01\/IMG_9090-1152x1536.jpeg 1152w, https:\/\/amorsinfronterasac.org\/wp-content\/uploads\/2023\/01\/IMG_9090.jpeg 1536w\" sizes=\"auto, (max-width: 225px) 100vw, 225px\" \/><\/a>\n\t\t\t<\/div>\n\t\t\t\t<figcaption class='wp-caption-text gallery-caption' id='gallery-1-63'>\n\t\t\t\tInstructora muestra como orientarse con el bast\u00f3n blanco a mujer ciega\n\t\t\t\t<\/figcaption><\/figure><figure class='gallery-item'>\n\t\t\t<div class='gallery-icon landscape'>\n\t\t\t\t<a href='https:\/\/amorsinfronterasac.org\/wp-content\/uploads\/2023\/01\/dos-personas-usando-regleta-braille.jpg'><img loading=\"lazy\" decoding=\"async\" width=\"300\" height=\"225\" src=\"https:\/\/amorsinfronterasac.org\/wp-content\/uploads\/2023\/01\/dos-personas-usando-regleta-braille-300x225.jpg\" class=\"attachment-medium size-medium\" alt=\"Instructora muestra a mujer ciega como usar regleta Braille\" aria-describedby=\"gallery-1-62\" srcset=\"https:\/\/amorsinfronterasac.org\/wp-content\/uploads\/2023\/01\/dos-personas-usando-regleta-braille-300x225.jpg 300w, https:\/\/amorsinfronterasac.org\/wp-content\/uploads\/2023\/01\/dos-personas-usando-regleta-braille-1024x768.jpg 1024w, https:\/\/amorsinfronterasac.org\/wp-content\/uploads\/2023\/01\/dos-personas-usando-regleta-braille-768x576.jpg 768w, https:\/\/amorsinfronterasac.org\/wp-content\/uploads\/2023\/01\/dos-personas-usando-regleta-braille-400x300.jpg 400w, https:\/\/amorsinfronterasac.org\/wp-content\/uploads\/2023\/01\/dos-personas-usando-regleta-braille.jpg 1080w\" sizes=\"auto, (max-width: 300px) 100vw, 300px\" \/><\/a>\n\t\t\t<\/div>\n\t\t\t\t<figcaption class='wp-caption-text gallery-caption' id='gallery-1-62'>\n\t\t\t\tInstructora muestra a mujer ciega como usar regleta Braille\n\t\t\t\t<\/figcaption><\/figure><figure class='gallery-item'>\n\t\t\t<div class='gallery-icon portrait'>\n\t\t\t\t<a href='https:\/\/amorsinfronterasac.org\/wp-content\/uploads\/2023\/01\/dos-persona-en-escalera-con-baston-blanco.jpeg'><img loading=\"lazy\" decoding=\"async\" width=\"225\" height=\"300\" src=\"https:\/\/amorsinfronterasac.org\/wp-content\/uploads\/2023\/01\/dos-persona-en-escalera-con-baston-blanco-225x300.jpeg\" class=\"attachment-medium size-medium\" alt=\"instructora muestra a mujer ciega como usar el bast\u00f3n blanco en escaleras\" aria-describedby=\"gallery-1-61\" srcset=\"https:\/\/amorsinfronterasac.org\/wp-content\/uploads\/2023\/01\/dos-persona-en-escalera-con-baston-blanco-225x300.jpeg 225w, https:\/\/amorsinfronterasac.org\/wp-content\/uploads\/2023\/01\/dos-persona-en-escalera-con-baston-blanco-768x1024.jpeg 768w, https:\/\/amorsinfronterasac.org\/wp-content\/uploads\/2023\/01\/dos-persona-en-escalera-con-baston-blanco-1152x1536.jpeg 1152w, https:\/\/amorsinfronterasac.org\/wp-content\/uploads\/2023\/01\/dos-persona-en-escalera-con-baston-blanco.jpeg 1536w\" sizes=\"auto, (max-width: 225px) 100vw, 225px\" \/><\/a>\n\t\t\t<\/div>\n\t\t\t\t<figcaption class='wp-caption-text gallery-caption' id='gallery-1-61'>\n\t\t\t\tinstructora muestra a mujer ciega como usar el bast\u00f3n blanco en escaleras\n\t\t\t\t<\/figcaption><\/figure>\n\t\t<\/div>\n","protected":false},"excerpt":{"rendered":"<p>Actividades Galer\u00eda de fotos<\/p>\n","protected":false},"author":1,"featured_media":0,"parent":0,"menu_order":0,"comment_status":"closed","ping_status":"closed","template":"","meta":{"footnotes":""},"class_list":["post-59","page","type-page","status-publish","hentry"],"_links":{"self":[{"href":"https:\/\/amorsinfronterasac.org\/index.php?rest_route=\/wp\/v2\/pages\/59","targetHints":{"allow":["GET"]}}],"collection":[{"href":"https:\/\/amorsinfronterasac.org\/index.php?rest_route=\/wp\/v2\/pages"}],"about":[{"href":"https:\/\/amorsinfronterasac.org\/index.php?rest_route=\/wp\/v2\/types\/page"}],"author":[{"embeddable":true,"href":"https:\/\/amorsinfronterasac.org\/index.php?rest_route=\/wp\/v2\/users\/1"}],"replies":[{"embeddable":true,"href":"https:\/\/amorsinfronterasac.org\/index.php?rest_route=%2Fwp%2Fv2%2Fcomments&post=59"}],"version-history":[{"count":14,"href":"https:\/\/amorsinfronterasac.org\/index.php?rest_route=\/wp\/v2\/pages\/59\/revisions"}],"predecessor-version":[{"id":242,"href":"https:\/\/amorsinfronterasac.org\/index.php?rest_route=\/wp\/v2\/pages\/59\/revisions\/242"}],"wp:attachment":[{"href":"https:\/\/amorsinfronterasac.org\/index.php?rest_route=%2Fwp%2Fv2%2Fmedia&parent=59"}],"curies":[{"name":"wp","href":"https:\/\/api.w.org\/{rel}","templated":true}]}}