{"id":40,"date":"2022-12-31T00:56:11","date_gmt":"2022-12-31T06:56:11","guid":{"rendered":"https:\/\/amorsinfronterasac.org\/?page_id=40"},"modified":"2023-02-14T09:32:29","modified_gmt":"2023-02-14T15:32:29","slug":"mision","status":"publish","type":"page","link":"https:\/\/amorsinfronterasac.org\/?page_id=40","title":{"rendered":"Misi\u00f3n"},"content":{"rendered":"\n<h2 class=\"wp-block-heading\">Misi\u00f3n<\/h2>\n\n\n\n<p class=\"has-normal-font-size\">Buscamos promover la participaci\u00f3n social y el ejercicio de los Derechos Humanos de las Personas en situaci\u00f3n de Discapacidad poniendo \u00e9nfasis en la equiparaci\u00f3n de los Derechos de las ni\u00f1as, adolescentes y mujeres en situaci\u00f3n de discapacidad a partir de una perspectiva intercultural, interseccional, transversal y de inclusi\u00f3n, con el objetivo de reducir las brechas de desigualdad existente hacia esta poblaci\u00f3n.<\/p>\n","protected":false},"excerpt":{"rendered":"<p>Misi\u00f3n Buscamos promover la participaci\u00f3n social y el ejercicio de los Derechos Humanos de las Personas en situaci\u00f3n de Discapacidad poniendo \u00e9nfasis en la equiparaci\u00f3n &hellip;<\/p>\n","protected":false},"author":1,"featured_media":0,"parent":0,"menu_order":0,"comment_status":"closed","ping_status":"closed","template":"","meta":{"footnotes":""},"class_list":["post-40","page","type-page","status-publish","hentry"],"_links":{"self":[{"href":"https:\/\/amorsinfronterasac.org\/index.php?rest_route=\/wp\/v2\/pages\/40","targetHints":{"allow":["GET"]}}],"collection":[{"href":"https:\/\/amorsinfronterasac.org\/index.php?rest_route=\/wp\/v2\/pages"}],"about":[{"href":"https:\/\/amorsinfronterasac.org\/index.php?rest_route=\/wp\/v2\/types\/page"}],"author":[{"embeddable":true,"href":"https:\/\/amorsinfronterasac.org\/index.php?rest_route=\/wp\/v2\/users\/1"}],"replies":[{"embeddable":true,"href":"https:\/\/amorsinfronterasac.org\/index.php?rest_route=%2Fwp%2Fv2%2Fcomments&post=40"}],"version-history":[{"count":4,"href":"https:\/\/amorsinfronterasac.org\/index.php?rest_route=\/wp\/v2\/pages\/40\/revisions"}],"predecessor-version":[{"id":165,"href":"https:\/\/amorsinfronterasac.org\/index.php?rest_route=\/wp\/v2\/pages\/40\/revisions\/165"}],"wp:attachment":[{"href":"https:\/\/amorsinfronterasac.org\/index.php?rest_route=%2Fwp%2Fv2%2Fmedia&parent=40"}],"curies":[{"name":"wp","href":"https:\/\/api.w.org\/{rel}","templated":true}]}}