{"id":206,"date":"2024-12-20T17:08:34","date_gmt":"2024-12-20T23:08:34","guid":{"rendered":"https:\/\/amorsinfronterasac.org\/?page_id=206"},"modified":"2024-12-20T17:08:34","modified_gmt":"2024-12-20T23:08:34","slug":"dia-de-reinas-y-reyes-magos-para-nins-en-condicion-de-discapacidad","status":"publish","type":"page","link":"https:\/\/amorsinfronterasac.org\/?page_id=206","title":{"rendered":"D\u00eda de reinas y reyes Magos para ni\u00f1@s en condici\u00f3n de discapacidad."},"content":{"rendered":"<p><img loading=\"lazy\" decoding=\"async\" class=\"alignnone size-medium wp-image-208\" src=\"https:\/\/amorsinfronterasac.org\/wp-content\/uploads\/2024\/12\/IMG_0339-271x300.jpeg\" alt=\"\" width=\"271\" height=\"300\" srcset=\"https:\/\/amorsinfronterasac.org\/wp-content\/uploads\/2024\/12\/IMG_0339-271x300.jpeg 271w, https:\/\/amorsinfronterasac.org\/wp-content\/uploads\/2024\/12\/IMG_0339-923x1024.jpeg 923w, https:\/\/amorsinfronterasac.org\/wp-content\/uploads\/2024\/12\/IMG_0339-768x852.jpeg 768w, https:\/\/amorsinfronterasac.org\/wp-content\/uploads\/2024\/12\/IMG_0339-1385x1536.jpeg 1385w, https:\/\/amorsinfronterasac.org\/wp-content\/uploads\/2024\/12\/IMG_0339.jpeg 1440w\" sizes=\"auto, (max-width: 271px) 100vw, 271px\" \/>Por 9na Ocasi\u00f3n te invitamos a que nos apoyes a llevar un momento de alegr\u00eda a los y las ni\u00f1as con alguna discapacidad DONANDO un juguete nuevo o con lo que puedas contribuir \ud83e\uddf8\u26bd\ufe0f<\/p>\n<p>Centro der acopio galer\u00eda Kikimundo (Av. Hidalgo #3 o llamarnos al: 9671189768) Esperamos tus aportaciones antes del 2 de enero.<\/p>\n<p>En la imagen se presenta el cartel promocional del evento de la actividad con los los logos de Equitach, Amor sin fronteras y la galer\u00eda kiki mundo.<\/p>\n<p>#discapacidad # D\u00edadereyes<\/p>\n","protected":false},"excerpt":{"rendered":"<p>Por 9na Ocasi\u00f3n te invitamos a que nos apoyes a llevar un momento de alegr\u00eda a los y las ni\u00f1as con alguna discapacidad DONANDO un &hellip;<\/p>\n","protected":false},"author":1,"featured_media":0,"parent":0,"menu_order":0,"comment_status":"closed","ping_status":"closed","template":"","meta":{"footnotes":""},"class_list":["post-206","page","type-page","status-publish","hentry"],"_links":{"self":[{"href":"https:\/\/amorsinfronterasac.org\/index.php?rest_route=\/wp\/v2\/pages\/206","targetHints":{"allow":["GET"]}}],"collection":[{"href":"https:\/\/amorsinfronterasac.org\/index.php?rest_route=\/wp\/v2\/pages"}],"about":[{"href":"https:\/\/amorsinfronterasac.org\/index.php?rest_route=\/wp\/v2\/types\/page"}],"author":[{"embeddable":true,"href":"https:\/\/amorsinfronterasac.org\/index.php?rest_route=\/wp\/v2\/users\/1"}],"replies":[{"embeddable":true,"href":"https:\/\/amorsinfronterasac.org\/index.php?rest_route=%2Fwp%2Fv2%2Fcomments&post=206"}],"version-history":[{"count":2,"href":"https:\/\/amorsinfronterasac.org\/index.php?rest_route=\/wp\/v2\/pages\/206\/revisions"}],"predecessor-version":[{"id":209,"href":"https:\/\/amorsinfronterasac.org\/index.php?rest_route=\/wp\/v2\/pages\/206\/revisions\/209"}],"wp:attachment":[{"href":"https:\/\/amorsinfronterasac.org\/index.php?rest_route=%2Fwp%2Fv2%2Fmedia&parent=206"}],"curies":[{"name":"wp","href":"https:\/\/api.w.org\/{rel}","templated":true}]}}