{"id":125,"date":"2023-02-12T20:59:25","date_gmt":"2023-02-13T02:59:25","guid":{"rendered":"https:\/\/amorsinfronterasac.org\/?page_id=125"},"modified":"2023-02-12T20:59:26","modified_gmt":"2023-02-13T02:59:26","slug":"aviso-de-privacidad-integral","status":"publish","type":"page","link":"https:\/\/amorsinfronterasac.org\/?page_id=125","title":{"rendered":"Aviso de privacidad integral"},"content":{"rendered":"\n<p>Aviso de privacidad integral para la atenci\u00f3n de solicitudes de informaci\u00f3n p\u00fablica y del ejercicio de derechos ARCO.<\/p>\n\n\n\n<p>La asociaci\u00f3n civil Amor Sin Fronteras, con domicilio en Calle r\u00edo Suchiate, n\u00fam. 155; colonia 31 de marzo, c. p. 29229, San Crist\u00f3bal de las Casas, Chiapas, es la responsable del tratamiento de los datos personales que nos proporcione. Los cu\u00e1les ser\u00e1n protegidos conforme a lo dispuesto por la ley general de protecci\u00f3n de datos personales.<\/p>\n\n\n\n<ul class=\"wp-block-list\">\n<li><strong>Datos personales: <\/strong>nombre, edad, fecha de nacimiento, domicilio, tel\u00e9fono, nivel escolar.<\/li>\n\n\n\n<li><strong>Fundamento legal: <\/strong>ley de protecci\u00f3n de datos personales del estado de Chiapas, art\u00edculos 18, 28 y 33.<\/li>\n\n\n\n<li><strong>Finalidad:<\/strong><strong> <\/strong>ingreso del usuario con o sin discapacidad para obtener el servicio de capacitaci\u00f3n que ofrece la asociaci\u00f3n civil amor sin fronteras.<\/li>\n\n\n\n<li><strong>Transferencia: <\/strong>No se har\u00e1 transferencia de los datos personales salvo aquellas que sean necesarias para atender requerimientos de informaci\u00f3n de una autoridad competente que est\u00e9n debidamente fundados y motivados conforme a la ley de PDPPSO.<\/li>\n<\/ul>\n\n\n\n<p><strong>Derechos ARCO <\/strong>Usted tiene derecho a conocer qu\u00e9 datos personales se tienen de usted, para qu\u00e9 se utilizan y las condiciones del uso que les damos (Acceso). Asimismo, es su derecho solicitar la correcci\u00f3n de su informaci\u00f3n personal en caso de que est\u00e9 desactualizada, sea inexacta o incompleta (Rectificaci\u00f3n); que la eliminemos de nuestros registros o bases de datos cuando considere que la misma no est\u00e1 siendo utilizada conforme a los principios, deberes y obligaciones previstas en la ley (Cancelaci\u00f3n); as\u00ed como oponerse al uso de sus datos personales para fines espec\u00edficos (Oposici\u00f3n). Estos derechos se conocen como derechos ARCO. Para el ejercicio de cualquiera de los derechos ARCO, usted podr\u00e1 presentar solicitud por escrito ante el consejo directivo de la asociaci\u00f3n, mediante un formato sencillo de forma electr\u00f3nica envi\u00e1ndolo al correo electr\u00f3nico <a href=\"mailto:amorsinfronterasac@gmail.com\">amorsinfronterasac@gmail.com<\/a><\/p>\n\n\n\n<p>Los requisitos que debe cumplir son:<\/p>\n\n\n\n<ul class=\"wp-block-list\">\n<li>El nombre del titular y su domicilio o cualquier otro medio para recibir notificaciones;<\/li>\n\n\n\n<li>Los documentos que acrediten la identidad del titular, y en su caso, la personalidad e identidad de su representante;<\/li>\n\n\n\n<li>De ser posible, el \u00e1rea responsable que trata los datos personales;<\/li>\n\n\n\n<li>La descripci\u00f3n clara y precisa de los datos personales respecto de los que se busca ejercer alguno de los derechos ARCO, salvo que se trate del derecho de acceso;<\/li>\n\n\n\n<li>La descripci\u00f3n del derecho ARCO que se pretende ejercer, o bien, lo que solicita el titular; y<\/li>\n\n\n\n<li>Cualquier otro elemento o documento que facilite la localizaci\u00f3n de los datos personales, en su caso. <\/li>\n<\/ul>\n\n\n\n<p>En caso de solicitar la rectificaci\u00f3n, adicionalmente deber\u00e1 indicar las modificaciones a realizarse y aportar la documentaci\u00f3n oficial necesaria que sustente su petici\u00f3n. En el derecho de cancelaci\u00f3n debe expresar las causas que motivan la eliminaci\u00f3n. Y en el derecho de oposici\u00f3n debe se\u00f1alar los motivos que justifican se finalice el tratamiento de los datos personales y el da\u00f1o o perjuicio que le causar\u00eda, o bien, si la oposici\u00f3n es parcial, debe indicar las finalidades espec\u00edficas con las que se no est\u00e1 de acuerdo, siempre que no sea un requisito obligatorio. El consejo directivo responder\u00e1 en el domicilio o medio que el titular de los datos personales designe en su solicitud, en un plazo de 15 d\u00edas h\u00e1biles, que puede ser ampliado por 10 d\u00edas h\u00e1biles m\u00e1s previa notificaci\u00f3n. La respuesta indicar\u00e1 si la solicitud de acceso, rectificaci\u00f3n, cancelaci\u00f3n u oposici\u00f3n es procedente y, en su caso, har\u00e1 efectivo dentro de los 15 d\u00edas h\u00e1biles siguientes a la fecha en que comunique la respuesta. Datos del Consejo directivo Domicilio: Calle r\u00edo Suchiate, n\u00fam. 155; colonia 31 de marzo, c.p. 29229, San Crist\u00f3bal de las Casas, Chiapas<strong>.<\/strong><\/p>\n\n\n\n<p><strong><em>Supresi\u00f3n: <\/em><\/strong>los documentos de identificaci\u00f3n personal e informaci\u00f3n bajo el resguardo estar\u00e1n en un per\u00edodo aproximado de 1 a\u00f1o, donde se dejar\u00e1n de contar con los datos del titular o podr\u00e1n cancelar enviando un correo electr\u00f3nico a <a href=\"mailto:amorsinfronterasac@gmail.com\">amorsinfronterasac@gmail.com<\/a><\/p>\n\n\n\n<p>Para mayor informaci\u00f3n acerca del tratamiento y de los derechos que puede hacer valer, usted puede acceder al aviso de privacidad integral de la A.C. a trav\u00e9s de <strong><u><a href=\"http:\/\/www.amorsinfronterasac.org\/\"><u>www.amorsinfronterasac.org<\/u><\/a><\/u><\/strong><\/p>\n","protected":false},"excerpt":{"rendered":"<p>Aviso de privacidad integral para la atenci\u00f3n de solicitudes de informaci\u00f3n p\u00fablica y del ejercicio de derechos ARCO. La asociaci\u00f3n civil Amor Sin Fronteras, con &hellip;<\/p>\n","protected":false},"author":1,"featured_media":0,"parent":0,"menu_order":0,"comment_status":"closed","ping_status":"closed","template":"","meta":{"footnotes":""},"class_list":["post-125","page","type-page","status-publish","hentry"],"_links":{"self":[{"href":"https:\/\/amorsinfronterasac.org\/index.php?rest_route=\/wp\/v2\/pages\/125","targetHints":{"allow":["GET"]}}],"collection":[{"href":"https:\/\/amorsinfronterasac.org\/index.php?rest_route=\/wp\/v2\/pages"}],"about":[{"href":"https:\/\/amorsinfronterasac.org\/index.php?rest_route=\/wp\/v2\/types\/page"}],"author":[{"embeddable":true,"href":"https:\/\/amorsinfronterasac.org\/index.php?rest_route=\/wp\/v2\/users\/1"}],"replies":[{"embeddable":true,"href":"https:\/\/amorsinfronterasac.org\/index.php?rest_route=%2Fwp%2Fv2%2Fcomments&post=125"}],"version-history":[{"count":1,"href":"https:\/\/amorsinfronterasac.org\/index.php?rest_route=\/wp\/v2\/pages\/125\/revisions"}],"predecessor-version":[{"id":126,"href":"https:\/\/amorsinfronterasac.org\/index.php?rest_route=\/wp\/v2\/pages\/125\/revisions\/126"}],"wp:attachment":[{"href":"https:\/\/amorsinfronterasac.org\/index.php?rest_route=%2Fwp%2Fv2%2Fmedia&parent=125"}],"curies":[{"name":"wp","href":"https:\/\/api.w.org\/{rel}","templated":true}]}}